{"id":243,"date":"2014-11-27T08:13:39","date_gmt":"2014-11-27T07:13:39","guid":{"rendered":"http:\/\/metah.imag.fr\/?page_id=243"},"modified":"2020-03-26T17:50:29","modified_gmt":"2020-03-26T16:50:29","slug":"formid-formation-interactive-a-distance-2","status":"publish","type":"page","link":"http:\/\/metah.imag.fr\/?page_id=243","title":{"rendered":"<!--:fr-->FORMID (FORMation Interactive \u00e0 Distance)<!--:--><!--:en-->FORMID (FORMation Interactive \u00e0 Distance)<!--:-->"},"content":{"rendered":"<p><!--:fr-->Responsables\u00a0: Viviane Gu\u00e9raud et Anne Lejeune<\/p>\n<p>Th\u00e9matiques\u00a0: Sc\u00e9narisation et suivi de situations p\u00e9dagogiques exploitant des simulations (ou dispositifs de r\u00e9solution de probl\u00e8me)<\/p>\n<p>Principes de base\u00a0:<\/p>\n<ul>\n<li>La conception de sc\u00e9nario est confi\u00e9e aux enseignants formateurs\u00a0; elle inclut la d\u00e9finition des observables pour le suivi des situations d\u2019apprentissage\u00a0;<\/li>\n<li>Les sc\u00e9narios produits sont directement ex\u00e9cutables par les apprenants\u00a0; le travail des apprenants sur les sc\u00e9narios produits peut directement \u00eatre suivi \u00e0 distance par les enseignants, en synchrone ou en asynchrone<\/li>\n<li>Les simulations sont des dispositifs externes poss\u00e9dant certaines propri\u00e9t\u00e9s autorisant la communication avec les outils de sc\u00e9narisation, d\u2019ex\u00e9cution et de suivi.<\/li>\n<\/ul>\n<p>FORMID\u00a0:<\/p>\n<ul>\n<li>un mod\u00e8le de sc\u00e9nario<\/li>\n<li>une suite d\u2019outils\u00a0: un outil-auteur pour la conception de sc\u00e9narios d\u2019apprentissage, un outil d\u2019ex\u00e9cution pour les apprenants et un outil de suivi \u00e0 distance pour le tuteur.<\/li>\n<\/ul>\n<p>Recherches\u00a0:<\/p>\n<ul>\n<li>incr\u00e9mentales, financ\u00e9es au fil des ann\u00e9es par diff\u00e9rents projets<\/li>\n<li>centr\u00e9es utilisateurs (exploration, co-conception, validation)<\/li>\n<li>exp\u00e9rimentations sur le terrain (classes, enseignants)<\/li>\n<\/ul>\n<p>Focus actuel\u00a0en synergie avec le cadre th\u00e9orique didactique T4TEL propos\u00e9 par l\u2019\u00e9quipe MeTAH :<\/p>\n<ul>\n<li>Enrichissement du mod\u00e8le de sc\u00e9nario<\/li>\n<li>Assistances didactiques \u00e0 l\u2019auteur et au tuteur<\/li>\n<\/ul>\n<p><!--:--><\/p>\n","protected":false},"excerpt":{"rendered":"<p>Responsables\u00a0: Viviane Gu\u00e9raud et Anne Lejeune Th\u00e9matiques\u00a0: Sc\u00e9narisation et suivi de situations p\u00e9dagogiques exploitant des simulations (ou dispositifs de r\u00e9solution de probl\u00e8me) Principes de base\u00a0: La conception de sc\u00e9nario est confi\u00e9e aux enseignants formateurs\u00a0; elle inclut la d\u00e9finition des observables pour le suivi des situations d\u2019apprentissage\u00a0; Les sc\u00e9narios produits sont directement ex\u00e9cutables par les apprenants\u00a0; [&hellip;]<\/p>\n","protected":false},"author":2,"featured_media":0,"parent":25,"menu_order":0,"comment_status":"closed","ping_status":"closed","template":"","meta":{"footnotes":""},"class_list":["post-243","page","type-page","status-publish","hentry"],"_links":{"self":[{"href":"http:\/\/metah.imag.fr\/index.php?rest_route=\/wp\/v2\/pages\/243","targetHints":{"allow":["GET"]}}],"collection":[{"href":"http:\/\/metah.imag.fr\/index.php?rest_route=\/wp\/v2\/pages"}],"about":[{"href":"http:\/\/metah.imag.fr\/index.php?rest_route=\/wp\/v2\/types\/page"}],"author":[{"embeddable":true,"href":"http:\/\/metah.imag.fr\/index.php?rest_route=\/wp\/v2\/users\/2"}],"replies":[{"embeddable":true,"href":"http:\/\/metah.imag.fr\/index.php?rest_route=%2Fwp%2Fv2%2Fcomments&post=243"}],"version-history":[{"count":1,"href":"http:\/\/metah.imag.fr\/index.php?rest_route=\/wp\/v2\/pages\/243\/revisions"}],"predecessor-version":[{"id":244,"href":"http:\/\/metah.imag.fr\/index.php?rest_route=\/wp\/v2\/pages\/243\/revisions\/244"}],"up":[{"embeddable":true,"href":"http:\/\/metah.imag.fr\/index.php?rest_route=\/wp\/v2\/pages\/25"}],"wp:attachment":[{"href":"http:\/\/metah.imag.fr\/index.php?rest_route=%2Fwp%2Fv2%2Fmedia&parent=243"}],"curies":[{"name":"wp","href":"https:\/\/api.w.org\/{rel}","templated":true}]}}