{"id":25,"date":"2014-10-21T19:51:04","date_gmt":"2014-10-21T18:51:04","guid":{"rendered":"http:\/\/metah.imag.fr\/?page_id=25"},"modified":"2026-04-15T09:36:33","modified_gmt":"2026-04-15T07:36:33","slug":"projets","status":"publish","type":"page","link":"http:\/\/metah.imag.fr\/?page_id=25","title":{"rendered":"Research projects and initiatives."},"content":{"rendered":"<h4><strong><a title=\"LabBook\" href=\"http:\/\/labnbook.fr\/\">LabNBook <\/a> <\/strong>(Rapports exp\u00e9rimentaux en ligne, Idex COMUE UGA 2017-*)<\/h4>\n<h4><a href=\"https:\/\/www.polepilote-pegase.fr\/\">P\u00e9gase<\/a> (P\u00f4le pilote de formation des enseignants et de recherche pour l&#8217;\u00e9ducation, PIA3, UGA, USMG,UG, 2022-2031)<\/h4>\n<h4><a href=\"https:\/\/caseine.org\/\">Caseine<\/a> (Plateforme d&#8217;apprentissage, Idex COMUE UGA 2017-*)<\/h4>\n<h4><strong>FeelGoodAI<\/strong> (ANR 2026-2029)<\/h4>\n<h4><strong><a title=\"EDBA\" href=\"http:\/\/metah.imag.fr\/?page_id=78\">EDBA<\/a><\/strong> (<span class=\"name\">Exercices DataBase about Algorithmics<\/span>)<\/h4>\n<hr \/>\n<h3>Completed projects.<\/h3>\n<h4><a title=\"CSCL\" href=\"http:\/\/metah.imag.fr\/?page_id=318\">CSCL, orchestration, HCI \/ appropriation issues<\/a> (Computer Supported Collaborative Learning, orchestration, Human Computer Interaction \/ appropriation issues, janvier 2016 \u2192 d\u00e9cembre 2020)<\/h4>\n<h4><strong><a title=\"EXPIRE\" href=\"http:\/\/www.caissedesdepots.fr\/sites\/default\/files\/medias\/projet_9_dp_cdc.pdf\">EXPIRE<\/a><\/strong> (Concevoir, d\u00e9ployer et \u00e9valuer des enseignements innovants sur la pens\u00e9e informatique et les math\u00e9matiques, et mettre en place des plans de formation des enseignants. eFran 2017-2020)<\/h4>\n<h4><strong><a title=\"Hubble\" href=\"http:\/\/hubblelearn.imag.fr\/?lang=fr\/\">Hubble<\/a> <\/strong>(HUman oBservatory Based on analysis of e-LEarning traces, ANR 2015-2018)<\/h4>\n<h4><strong><a title=\"UnderTracks\" href=\"http:\/\/projet-undertracks.imag.fr\">UnderTracks<\/a><\/strong> (plateforme de gestion de traces et de processus d&#8217;analyse)<\/h4>\n<h4><strong><a title=\"FORMID (FORMation Interactive \u00e0 Distance)\" href=\"http:\/\/metah.imag.fr\/?page_id=243\">FORMID<\/a><\/strong> (FORMation Interactive \u00e0 Distance)<\/h4>\n<h4><a title=\"ROSE\" href=\"http:\/\/metah.imag.fr\/?page_id=76\">ROSE<\/a> (Raisonnements Ontologiques pour les Syst\u00e8mes d\u2019enseignement, janvier 2012 \u2192 d\u00e9cembre 2015)<\/h4>\n<h4><a title=\"CSCL\" href=\"http:\/\/metah.imag.fr\/?page_id=73\">CSCL<\/a> (Computer Supported Collaborative Learning, septembre 2008 \u2192 d\u00e9cembre 2015)<\/h4>\n<h4><a title=\"TELEOS\" href=\"http:\/\/metah.imag.fr\/?page_id=77\">TELEOS <\/a>(Technology Enhanced Learning Environment for Orthopaedic Surgery, \u2192 janvier 2015)<\/h4>\n<h4><strong><a title=\"Carto\" href=\"http:\/\/metah.imag.fr\/?page_id=79\">Cartographie des savoirs<\/a><\/strong> (conception et impl\u00e9mentation d\u2019outils informatiques aidant \u00e0 l\u2019acquisition du socle commun de connaissances et de comp\u00e9tences, janvier 2012 \u2192 d\u00e9cembre 2013)<\/h4>\n<h4><a title=\"COMPMEP\" href=\"http:\/\/metah.imag.fr\/?page_id=80\"> COMPMEP<\/a> (Indexation par comp\u00e9tences des ressources S\u00e9samath ; avril 2012 \u2192 mars 2013)<\/h4>\n<h4><a title=\"MIRA_LOE\" href=\"http:\/\/metah.imag.fr\/?page_id=81\"> MIRA_LOE<\/a> (Dispositif de formation des professionnels de la sant\u00e9 incluant une simulation informatique d\u2019une situation d\u2019essai th\u00e9rapeutique ; octobre 2011 \u2192 octobre 2012)<\/h4>\n<h4><a title=\"SCY\" href=\"http:\/\/metah.imag.fr\/?page_id=82\"> SCY<\/a> (Projet europ\u00e9en sur la d\u00e9marche d&#8217;investigation ; mars 2008 \u2192 f\u00e9vrier 2012)<\/h4>\n<h4><a title=\"Learning Game Factor\" href=\"http:\/\/metah.imag.fr\/?page_id=83\"> Learning Game Factory<\/a> (Jeux s\u00e9rieux, FEDER Rh\u00f4ne Alpes ; f\u00e9vrier 2009 \u2192 avril 2011)<\/h4>\n<h4><a title=\"Intergeo\" href=\"http:\/\/metah.imag.fr\/?page_id=84\"> Intergeo<\/a> (G\u00e9om\u00e9trie Interop\u00e9rable et Interactive pour l\u2019Europe ; octobre 2007 \u2192 septembre 2010)<\/h4>\n<h4><a title=\"COPEX\" href=\"http:\/\/metah.imag.fr\/?page_id=93\"> COPEX<\/a> (Construire des protocoles exp\u00e9rimentaux pour apprendre les sciences exp\u00e9rimentales ; janvier 2005 \u2192 juin 2007)<\/h4>\n<h4><a title=\"Copex-chimie\" href=\"http:\/\/copex-chimie.imag.fr\/\"> Copex-chimie<\/a> (Concevoir un protocole exp\u00e9rimental en chimie analytique avec l\u2019aide d\u2019un tuteur artificiel et d\u2019une simulation, juin 2002 \u2192 mai 2004)<\/h4>\n<h4><a href=\"http:\/\/metah.imag.fr\/?page_id=348\">Aplusix<\/a> (Apprentissage de l&#8217;alg\u00e8bre)<\/h4>\n","protected":false},"excerpt":{"rendered":"<p>LabNBook (Rapports exp\u00e9rimentaux en ligne, Idex COMUE UGA 2017-*) P\u00e9gase (P\u00f4le pilote de formation des enseignants et de recherche pour l&#8217;\u00e9ducation, PIA3, UGA, USMG,UG, 2022-2031) Caseine (Plateforme d&#8217;apprentissage, Idex COMUE UGA 2017-*) FeelGoodAI (ANR 2026-2029) EDBA (Exercices DataBase about Algorithmics) Completed projects. CSCL, orchestration, HCI \/ appropriation issues (Computer Supported Collaborative Learning, orchestration, Human Computer [&hellip;]<\/p>\n","protected":false},"author":2,"featured_media":0,"parent":0,"menu_order":0,"comment_status":"closed","ping_status":"closed","template":"","meta":{"footnotes":""},"class_list":["post-25","page","type-page","status-publish","hentry"],"_links":{"self":[{"href":"http:\/\/metah.imag.fr\/index.php?rest_route=\/wp\/v2\/pages\/25","targetHints":{"allow":["GET"]}}],"collection":[{"href":"http:\/\/metah.imag.fr\/index.php?rest_route=\/wp\/v2\/pages"}],"about":[{"href":"http:\/\/metah.imag.fr\/index.php?rest_route=\/wp\/v2\/types\/page"}],"author":[{"embeddable":true,"href":"http:\/\/metah.imag.fr\/index.php?rest_route=\/wp\/v2\/users\/2"}],"replies":[{"embeddable":true,"href":"http:\/\/metah.imag.fr\/index.php?rest_route=%2Fwp%2Fv2%2Fcomments&post=25"}],"version-history":[{"count":48,"href":"http:\/\/metah.imag.fr\/index.php?rest_route=\/wp\/v2\/pages\/25\/revisions"}],"predecessor-version":[{"id":486,"href":"http:\/\/metah.imag.fr\/index.php?rest_route=\/wp\/v2\/pages\/25\/revisions\/486"}],"wp:attachment":[{"href":"http:\/\/metah.imag.fr\/index.php?rest_route=%2Fwp%2Fv2%2Fmedia&parent=25"}],"curies":[{"name":"wp","href":"https:\/\/api.w.org\/{rel}","templated":true}]}}