{"id":269,"date":"2014-11-29T11:28:06","date_gmt":"2014-11-29T10:28:06","guid":{"rendered":"http:\/\/metah.imag.fr\/?page_id=269"},"modified":"2020-03-26T17:48:29","modified_gmt":"2020-03-26T16:48:29","slug":"videos-teleos","status":"publish","type":"page","link":"http:\/\/metah.imag.fr\/?page_id=269","title":{"rendered":"<!--:fr-->Vid\u00e9os TELEOS<!--:--><!--:en-->TELEOS films<!--:-->"},"content":{"rendered":"<p><!--:fr-->Voici quelques vid\u00e9os expliquant le projet TELEOS<\/p>\n<ul>\n<li>Une vid\u00e9o montrant l&#8217;analyse de l&#8217;<a title=\"TELEOS\" href=\"http:\/\/youtu.be\/LR289PX11Ow\" target=\"_blank\" rel=\"noopener noreferrer\">activit\u00e9 dans le bloc op\u00e9ratoire<\/a><\/li>\n<li>Une vid\u00e9o du passage de l&#8217;analyse <a title=\"TELEOS Demo\" href=\"http:\/\/youtu.be\/S7GVOHZ9BOY\" target=\"_blank\" rel=\"noopener noreferrer\">de l&#8217;activit\u00e9 au simulateur\u00a0<\/a><\/li>\n<li>Une vid\u00e9o avec un type de <a title=\"TELEOS\" href=\"http:\/\/youtu.be\/0JL3F8rBwws\" target=\"_blank\" rel=\"noopener noreferrer\">r\u00e9troaction d\u00e9clarative<\/a> bas\u00e9 sur la d\u00e9cision didactique<\/li>\n<\/ul>\n<p><!--:--><\/p>\n","protected":false},"excerpt":{"rendered":"<p>Voici quelques vid\u00e9os expliquant le projet TELEOS Une vid\u00e9o montrant l&#8217;analyse de l&#8217;activit\u00e9 dans le bloc op\u00e9ratoire Une vid\u00e9o du passage de l&#8217;analyse de l&#8217;activit\u00e9 au simulateur\u00a0 Une vid\u00e9o avec un type de r\u00e9troaction d\u00e9clarative bas\u00e9 sur la d\u00e9cision didactique<\/p>\n","protected":false},"author":2,"featured_media":0,"parent":77,"menu_order":0,"comment_status":"closed","ping_status":"closed","template":"","meta":{"footnotes":""},"class_list":["post-269","page","type-page","status-publish","hentry"],"_links":{"self":[{"href":"http:\/\/metah.imag.fr\/index.php?rest_route=\/wp\/v2\/pages\/269","targetHints":{"allow":["GET"]}}],"collection":[{"href":"http:\/\/metah.imag.fr\/index.php?rest_route=\/wp\/v2\/pages"}],"about":[{"href":"http:\/\/metah.imag.fr\/index.php?rest_route=\/wp\/v2\/types\/page"}],"author":[{"embeddable":true,"href":"http:\/\/metah.imag.fr\/index.php?rest_route=\/wp\/v2\/users\/2"}],"replies":[{"embeddable":true,"href":"http:\/\/metah.imag.fr\/index.php?rest_route=%2Fwp%2Fv2%2Fcomments&post=269"}],"version-history":[{"count":6,"href":"http:\/\/metah.imag.fr\/index.php?rest_route=\/wp\/v2\/pages\/269\/revisions"}],"predecessor-version":[{"id":358,"href":"http:\/\/metah.imag.fr\/index.php?rest_route=\/wp\/v2\/pages\/269\/revisions\/358"}],"up":[{"embeddable":true,"href":"http:\/\/metah.imag.fr\/index.php?rest_route=\/wp\/v2\/pages\/77"}],"wp:attachment":[{"href":"http:\/\/metah.imag.fr\/index.php?rest_route=%2Fwp%2Fv2%2Fmedia&parent=269"}],"curies":[{"name":"wp","href":"https:\/\/api.w.org\/{rel}","templated":true}]}}