{"id":348,"date":"2019-12-12T14:00:21","date_gmt":"2019-12-12T13:00:21","guid":{"rendered":"http:\/\/metah.imag.fr\/?page_id=348"},"modified":"2020-01-07T16:44:40","modified_gmt":"2020-01-07T15:44:40","slug":"aplusix","status":"publish","type":"page","link":"http:\/\/metah.imag.fr\/?page_id=348","title":{"rendered":"Aplusix"},"content":{"rendered":"\n<p>Aplusix est un logiciel d&#8217;aide \u00e0 l&#8217;apprentissage de l&#8217;alg\u00e8bre qui a \u00e9t\u00e9 d\u00e9velopp\u00e9 pour la p\u00e9riode 2000-2008 par l&#8217;Universit\u00e9 Grenoble Alpes, le CNRS, l&#8217;INP et l&#8217;Universit\u00e9 de Nantes puis, ensuite jusqu&#8217;\u00e0 2019 par l&#8217;entreprise Aristod. <\/p>\n\n\n\n<p>en savoir plus :<\/p>\n\n\n\n<ul class=\"wp-block-list\"><li>Developing Interactive Learning Environments that can be used by all the classes having access to computers. The case of  Aplusix for algebra,  J.-F. Nicaud,  D. Bouhineau,  H. Chaachoua  &amp; J. Trgalova, 2005, sur <a href=\"https:\/\/hal.archives-ouvertes.fr\/hal-00190287\/\">HAL<\/a>.<\/li><li>APLUSIX, un EIAH de l&#8217;alg\u00e8bre, D. Bouhineau &amp; J.-F. Nicaud, 2006, sur <a href=\"https:\/\/hal.archives-ouvertes.fr\/hal-00962040\/\">HAL<\/a>.<\/li><li> Adding new Representations of Mathematical Objects to Aplusix,  <br>D. Bouhineau, H. Chaachoua, J.-F. Nicaud &amp; C. Viudez, 2007, sur <a href=\"https:\/\/hal.archives-ouvertes.fr\/hal-00591566\">HAL<\/a>.<\/li><\/ul>\n\n\n\n<p>T\u00e9l\u00e9charger Aplusix : sur <a href=\"http:\/\/aplusix.org\">aplusix.org<\/a> (<a href=\"http:\/\/metah.imag.fr\/wp-content\/uploads\/2020\/01\/Aplusix3.zip\">copie locale<\/a>)<br><\/p>\n\n\n\n<p><\/p>\n","protected":false},"excerpt":{"rendered":"<p>Aplusix est un logiciel d&#8217;aide \u00e0 l&#8217;apprentissage de l&#8217;alg\u00e8bre qui a \u00e9t\u00e9 d\u00e9velopp\u00e9 pour la p\u00e9riode 2000-2008 par l&#8217;Universit\u00e9 Grenoble Alpes, le CNRS, l&#8217;INP et l&#8217;Universit\u00e9 de Nantes puis, ensuite jusqu&#8217;\u00e0 2019 par l&#8217;entreprise Aristod. en savoir plus : Developing Interactive Learning Environments that can be used by all the classes having access to computers. [&hellip;]<\/p>\n","protected":false},"author":2,"featured_media":0,"parent":25,"menu_order":0,"comment_status":"closed","ping_status":"closed","template":"","meta":{"footnotes":""},"class_list":["post-348","page","type-page","status-publish","hentry"],"_links":{"self":[{"href":"http:\/\/metah.imag.fr\/index.php?rest_route=\/wp\/v2\/pages\/348","targetHints":{"allow":["GET"]}}],"collection":[{"href":"http:\/\/metah.imag.fr\/index.php?rest_route=\/wp\/v2\/pages"}],"about":[{"href":"http:\/\/metah.imag.fr\/index.php?rest_route=\/wp\/v2\/types\/page"}],"author":[{"embeddable":true,"href":"http:\/\/metah.imag.fr\/index.php?rest_route=\/wp\/v2\/users\/2"}],"replies":[{"embeddable":true,"href":"http:\/\/metah.imag.fr\/index.php?rest_route=%2Fwp%2Fv2%2Fcomments&post=348"}],"version-history":[{"count":4,"href":"http:\/\/metah.imag.fr\/index.php?rest_route=\/wp\/v2\/pages\/348\/revisions"}],"predecessor-version":[{"id":356,"href":"http:\/\/metah.imag.fr\/index.php?rest_route=\/wp\/v2\/pages\/348\/revisions\/356"}],"up":[{"embeddable":true,"href":"http:\/\/metah.imag.fr\/index.php?rest_route=\/wp\/v2\/pages\/25"}],"wp:attachment":[{"href":"http:\/\/metah.imag.fr\/index.php?rest_route=%2Fwp%2Fv2%2Fmedia&parent=348"}],"curies":[{"name":"wp","href":"https:\/\/api.w.org\/{rel}","templated":true}]}}