{"id":76,"date":"2014-10-21T21:11:25","date_gmt":"2014-10-21T20:11:25","guid":{"rendered":"http:\/\/metah.imag.fr\/?page_id=75"},"modified":"2014-11-26T17:39:01","modified_gmt":"2014-11-26T16:39:01","slug":"rose","status":"publish","type":"page","link":"http:\/\/metah.imag.fr\/?page_id=76","title":{"rendered":"<!--:fr-->ROSE: Raisonnements Ontologiques pour les Syst\u00e8mes d\u2019enseignement<!--:--><!--:en-->ROSE: Raisonnements Ontologiques pour les Syst\u00e8mes d\u2019enseignement<!--:-->"},"content":{"rendered":"<p><!--:fr--><\/p>\n<div class=\"informations\"><br class=\"name\" \/><\/p>\n<dl>\n<dd><span class=\"titre\">Responsable du projet : <\/span>Cyrille Desmoulins<\/dd>\n<dd><span class=\"titre\">Date de d\u00e9but : <\/span>janvier 2012<\/dd>\n<dd><span class=\"titre\">Date de fin : <\/span>d\u00e9cembre 2015<\/dd>\n<dd><span class=\"titre\">Membres du projet : <\/span>Denis Bouhineau (LIG), Tahar Bensbaaa (LRI Annaba) Fai\u00e7al Azouaou (ESI Alger)<\/dd>\n<\/dl>\n<\/div>\n<div class=\"description\">\n<dl>\n<dt>Description du Projet :<\/dt>\n<dd>Le projet ROSE (Raisonnements Ontologiques pour les Syst\u00e8mes d\u2019Enseignement) rassemble trois \u00e9quipes de recherches sur les EIAH de deux laboratoires alg\u00e9riens (Ecole Nationale Sup\u00e9rieur d\u2019Informatique, Alger <a class=\"spip_out\" href=\"http:\/\/pg.esi.dz\/index.php\/labo-lmcs.html\" rel=\"external\">\u00c9quipe EIAH<\/a>, Universit\u00e9 Badji-Mokhtar d\u2019Annaba, <a class=\"spip_out\" href=\"http:\/\/lri-annaba.org\/\" rel=\"external\">\u00c9quipe Enseignement Intelligemment Assist\u00e9 par Ordinateur &amp; e-learning<\/a>) et l\u2019\u00e9quipe Metah du LIG.L\u2019objectif est du projet est d\u2019\u00e9tudier les capacit\u00e9s informatiques de raisonnements automatiques bas\u00e9s sur les standards du WEB s\u00e9mantique (RDF\/S, OWL, SWRL, Pellet, etc.) pour d\u00e9velopper des services p\u00e9dagogiques aux \u00e9tudiants et aux enseignants. Ces services concerneront principalement les m\u00e9moires personnelles \u00e0 base d\u2019annotation p\u00e9dagogique, l\u2019indexation s\u00e9mantique de ressources, seront bas\u00e9s sur des ontologies et focalis\u00e9s sur le domaine de l\u2019algorithmique.<\/p>\n<p>Le travail est organis\u00e9 principalement autour de co-encadrement de th\u00e8se et fait partie du franco-alg\u00e9rien programme <a class=\"spip_out\" href=\"http:\/\/www.egide.asso.fr\/jahia\/Jahia\/site\/egide\/lang\/fr\/tassili\" rel=\"external\">Tassili<\/a><\/p>\n<\/dd>\n<\/dl>\n<\/div>\n<p><!--:--><!--:en--><\/p>\n<div class=\"informations\">\n<div class=\"entete\"><span class=\"name\">Raisonnements Ontologiques pour les Syst\u00e8mes d\u2019enseignement &#8211;<\/span><\/div>\n<dl>\n<dd><span class=\"titre\">Acronyme : <\/span>ROSE<\/dd>\n<dd><span class=\"titre\">Responsable du projet : <\/span>Cyrille Desmoulins<\/dd>\n<dd><span class=\"titre\">Date de d\u00e9but : <\/span>janvier 2012<\/dd>\n<dd><span class=\"titre\">Date de fin : <\/span>d\u00e9cembre 2015<\/dd>\n<dd><span class=\"titre\">Membres du projet :<\/span>Denis Bouhineau (LIG) Tahar Bensbaaa (LRI Annaba) Fai\u00e7al Azouaou (ESI Alger)<\/dd>\n<\/dl>\n<\/div>\n<div class=\"description\">\n<dl>\n<dt>Description du Projet :<\/dt>\n<dd>Le projet ROSE (Raisonnements Ontologiques pour les Syst\u00e8mes d\u2019Enseignement) rassemble trois \u00e9quipes de recherches sur les EIAH de deux laboratoires alg\u00e9riens (Ecole Nationale Sup\u00e9rieur d\u2019Informatique, Alger <a class=\"spip_out\" href=\"http:\/\/pg.esi.dz\/index.php\/labo-lmcs.html\" rel=\"external\">\u00c9quipe EIAH<\/a>, Universit\u00e9 Badji-Mokhtar d\u2019Annaba, <a class=\"spip_out\" href=\"http:\/\/lri-annaba.org\/\" rel=\"external\">\u00c9quipe Enseignement Intelligemment Assist\u00e9 par Ordinateur &#038; e-learning<\/a>) et l\u2019\u00e9quipe Metah du LIG.L\u2019objectif est du projet est d\u2019\u00e9tudier les capacit\u00e9s informatiques de raisonnements automatiques bas\u00e9s sur les standards du WEB s\u00e9mantique (RDF\/S, OWL, SWRL, Pellet, etc.) pour d\u00e9velopper des services p\u00e9dagogiques aux \u00e9tudiants et aux enseignants. Ces services concerneront principalement les m\u00e9moires personnelles \u00e0 base d\u2019annotation p\u00e9dagogique, l\u2019indexation s\u00e9mantique de ressources, seront bas\u00e9s sur des ontologies et focalis\u00e9s sur le domaine de l\u2019algorithmique.<\/p>\n<p>Le travail est organis\u00e9 principalement autour de co-tutelles de th\u00e8se et fait partie du franco-alg\u00e9rien programme <a class=\"spip_out\" href=\"http:\/\/www.egide.asso.fr\/jahia\/Jahia\/site\/egide\/lang\/fr\/tassili\" rel=\"external\">Tassili<\/a><\/p>\n<\/dd>\n<\/dl>\n<\/div>\n<p><!--:--><\/p>\n","protected":false},"excerpt":{"rendered":"<p>Responsable du projet : Cyrille Desmoulins Date de d\u00e9but : janvier 2012 Date de fin : d\u00e9cembre 2015 Membres du projet : Denis Bouhineau (LIG), Tahar Bensbaaa (LRI Annaba) Fai\u00e7al Azouaou (ESI Alger) Description du Projet : Le projet ROSE (Raisonnements Ontologiques pour les Syst\u00e8mes d\u2019Enseignement) rassemble trois \u00e9quipes de recherches sur les EIAH de [&hellip;]<\/p>\n","protected":false},"author":2,"featured_media":0,"parent":25,"menu_order":0,"comment_status":"closed","ping_status":"open","template":"","meta":{"footnotes":""},"class_list":["post-76","page","type-page","status-publish","hentry"],"_links":{"self":[{"href":"http:\/\/metah.imag.fr\/index.php?rest_route=\/wp\/v2\/pages\/76","targetHints":{"allow":["GET"]}}],"collection":[{"href":"http:\/\/metah.imag.fr\/index.php?rest_route=\/wp\/v2\/pages"}],"about":[{"href":"http:\/\/metah.imag.fr\/index.php?rest_route=\/wp\/v2\/types\/page"}],"author":[{"embeddable":true,"href":"http:\/\/metah.imag.fr\/index.php?rest_route=\/wp\/v2\/users\/2"}],"replies":[{"embeddable":true,"href":"http:\/\/metah.imag.fr\/index.php?rest_route=%2Fwp%2Fv2%2Fcomments&post=76"}],"version-history":[{"count":2,"href":"http:\/\/metah.imag.fr\/index.php?rest_route=\/wp\/v2\/pages\/76\/revisions"}],"predecessor-version":[{"id":226,"href":"http:\/\/metah.imag.fr\/index.php?rest_route=\/wp\/v2\/pages\/76\/revisions\/226"}],"up":[{"embeddable":true,"href":"http:\/\/metah.imag.fr\/index.php?rest_route=\/wp\/v2\/pages\/25"}],"wp:attachment":[{"href":"http:\/\/metah.imag.fr\/index.php?rest_route=%2Fwp%2Fv2%2Fmedia&parent=76"}],"curies":[{"name":"wp","href":"https:\/\/api.w.org\/{rel}","templated":true}]}}