{"id":78,"date":"2014-10-21T21:11:20","date_gmt":"2014-10-21T20:11:20","guid":{"rendered":"http:\/\/metah.imag.fr\/?page_id=77"},"modified":"2019-12-12T11:35:44","modified_gmt":"2019-12-12T10:35:44","slug":"edba","status":"publish","type":"page","link":"http:\/\/metah.imag.fr\/?page_id=78","title":{"rendered":"EDBA"},"content":{"rendered":"<p><!--:fr--><\/p>\n<div class=\"informations\">\n<div class=\"entete\"><span class=\"name\">Exercices DataBase about Algorithmics &#8211;<\/span><\/div>\n<dl>\n<dd><span class=\"titre\">Responsable du projet : <\/span>Denis Bouhineau (MCF UJF)<\/dd>\n<dd><span class=\"titre\">Date de d\u00e9but : <\/span>octobre 2008<\/dd>\n<dd><span class=\"titre\">Site : <\/span><a href=\"http:\/\/edba.imag.fr\/\">http:\/\/edba.imag.fr<\/a><\/dd>\n<\/dl>\n<\/div>\n<div class=\"description\">\n<dl>\n<dt>Description du Projet :<\/dt>\n<dd>Le projet EDBA (Exercices DataBase about Algorithmics) poursuit plusieurs objectifs\u00a0:<\/p>\n<ul class=\"spip\">\n<li>\u00e9tablissement d\u2019une base de donn\u00e9e d\u2019exercices d\u2019algorithmique (comprenant les exercices et des traces de r\u00e9solutions par des apprenants)<\/li>\n<li>mise en place d\u2019un EIAH pour l\u2019algorithmique<\/li>\n<li>utilisation des nouvelles technologies (web, ajax) pour le d\u00e9veloppement de l\u2019EIAH<\/li>\n<\/ul>\n<p>Etat d\u2019avancement (Oct 2011)\u00a0: une version <a class=\"spip_out\" href=\"http:\/\/edba.imag.fr\/\" rel=\"external\">beta<\/a> est disponible en fran\u00e7ais et en anglais avec un \u00e9diteur de code, un \u00e9mulateur de terminal, trois interpr\u00e9teurs (prolog, caml, javascript), une bd (plus de 300 exercices) et un d\u00e9but de mod\u00e8le de l\u2019utilisateur.<\/p>\n<p>Usages\u00a0: Chaque ann\u00e9e depuis 2009, une dizaine d\u2019utilisateurs a utilis\u00e9 EDBA.<\/p>\n<p>Publications\u00a0:<\/p>\n<ul class=\"spip\">\n<li>Denis Bouhineau. Ajax pour EIAH\u00a0? Choix technologique pour un EIAH de l\u2019algorithmique\u00a0: EDBA. Conf\u00e9rence Environnements Informatiques pour l\u2019Apprentissage Humain, EIAH 2011, Mons, Belgique, may 2011.<\/li>\n<li>Denis Bouhineau, Fran\u00e7ois Puitg. \u00c9valuations de solutions d\u2019exercices d\u2019algorithmique, \u00ab\u00a0\u00e0 la main\u00a0\u00bb versus \u00ab\u00a0automatiques par jeux d\u2019essai\u00a0\u00bb. Conf\u00e9rence Environnements Informatiques pour l\u2019Apprentissage Humain, EIAH 2011, Mons, Belgique, may 2011.<\/li>\n<li>Denis Bouhineau; Utilisation de traits s\u00e9mantiques pour une m\u00e9thodologie de construction d&#8217;un syst\u00e8me d&#8217;aide dans un EIAH de l&#8217;algorithmique. Travail sur les notions de jeux d&#8217;essai et de contre-exemples dans EDBA; Conf\u00e9rence Environnements Informatiques pour l\u2019Apprentissage Humain, EIAH 2013, Toulouse, France, may 2013.<\/li>\n<\/ul>\n<\/dd>\n<\/dl>\n<\/div>\n<p><!--:--><!--:en--><\/p>\n<div class=\"informations\">\n<div class=\"entete\"><span class=\"name\"> Exercices DataBase about Algorithmics &#8211;<\/span><\/div>\n<dl>\n<dd><span class=\"titre\">Acronyme : <\/span><img decoding=\"async\" src=\"http:\/\/edba.imag.fr\/Media\/logoEDBA.jpg\" alt=\"\" height=\"20px\" \/> EDBA<\/dd>\n<dd><span class=\"titre\">Responsable du projet : <\/span>Denis Bouhineau (MCF UJF)<\/dd>\n<dd><span class=\"titre\">Date de d\u00e9but : <\/span>octobre 2008<\/dd>\n<dd><span class=\"titre\">Date de fin : <\/span>20XX (ind\u00e9termin\u00e9e)<\/dd>\n<dd><span class=\"titre\">Site : <\/span><a href=\"http:\/\/edba.imag.fr\/\">http:\/\/edba.imag.fr<\/a><\/dd>\n<\/dl>\n<\/div>\n<div class=\"description\">\n<dl>\n<dt>Description du Projet :<\/dt>\n<dd>Le projet EDBA (Exercices DataBase about Algorithmics) poursuit plusieurs objectifs\u00a0:<\/p>\n<ul class=\"spip\">\n<li>\u00e9tablissement d\u2019une base de donn\u00e9e d\u2019exercices d\u2019algorithmique (comprenant les exercices et des traces de r\u00e9solutions par des apprenants)<\/li>\n<li>mise en place d\u2019un EIAH pour l\u2019algorithmique<\/li>\n<li>utilisation des nouvelles technologies (web, ajax) pour le d\u00e9veloppement de l\u2019EIAH<\/li>\n<\/ul>\n<p>Etat d\u2019avancement (Oct 2011)\u00a0: une version <a class=\"spip_out\" href=\"http:\/\/edba.imag.fr\/\" rel=\"external\">beta<\/a> est disponible en fran\u00e7ais et en anglais avec un \u00e9diteur de code, un \u00e9mulateur de terminal, trois interpr\u00e9teurs (prolog, caml, javascript), une bd (plus de 300 exercices) et un d\u00e9but de mod\u00e8le de l\u2019utilisateur.<\/p>\n<p>Usages\u00a0: Chaque ann\u00e9e depuis 2009, une dizaine d\u2019utilisateurs a utilis\u00e9 EDBA.<\/p>\n<p>Publications\u00a0:<\/p>\n<ul class=\"spip\">\n<li>Denis Bouhineau. Ajax pour EIAH\u00a0? Choix technologique pour un EIAH de l\u2019algorithmique\u00a0: EDBA. Conf\u00e9rence Environnements Informatiques pour l\u2019Apprentissage Humain, EIAH 2011, Mons, Belgique, may 2011.<\/li>\n<li>Denis Bouhineau, Fran\u00e7ois Puitg. \u00c9valuations de solutions d\u2019exercices d\u2019algorithmique, \u00ab\u00a0\u00e0 la main\u00a0\u00bb versus \u00ab\u00a0automatiques par jeux d\u2019essai\u00a0\u00bb. Conf\u00e9rence Environnements Informatiques pour l\u2019Apprentissage Humain, EIAH 2011, Mons, Belgique, may 2011.<\/li>\n<li>Denis Bouhineau; Utilisation de traits s\u00e9mantiques pour une m\u00e9thodologie de construction d&#8217;un syst\u00e8me d&#8217;aide dans un EIAH de l&#8217;algorithmique. Travail sur les notions de jeux d&#8217;essai et de contre-exemples dans EDBA; Conf\u00e9rence Environnements Informatiques pour l\u2019Apprentissage Humain, EIAH 2013, Toulouse, France, may 2013.<\/li>\n<\/ul>\n<\/dd>\n<\/dl>\n<\/div>\n<p><!--:--><\/p>\n","protected":false},"excerpt":{"rendered":"<p>Exercices DataBase about Algorithmics &#8211; Responsable du projet : Denis Bouhineau (MCF UJF) Date de d\u00e9but : octobre 2008 Site : http:\/\/edba.imag.fr Description du Projet : Le projet EDBA (Exercices DataBase about Algorithmics) poursuit plusieurs objectifs\u00a0: \u00e9tablissement d\u2019une base de donn\u00e9e d\u2019exercices d\u2019algorithmique (comprenant les exercices et des traces de r\u00e9solutions par des apprenants) mise [&hellip;]<\/p>\n","protected":false},"author":2,"featured_media":0,"parent":25,"menu_order":0,"comment_status":"closed","ping_status":"open","template":"","meta":{"footnotes":""},"class_list":["post-78","page","type-page","status-publish","hentry"],"_links":{"self":[{"href":"http:\/\/metah.imag.fr\/index.php?rest_route=\/wp\/v2\/pages\/78","targetHints":{"allow":["GET"]}}],"collection":[{"href":"http:\/\/metah.imag.fr\/index.php?rest_route=\/wp\/v2\/pages"}],"about":[{"href":"http:\/\/metah.imag.fr\/index.php?rest_route=\/wp\/v2\/types\/page"}],"author":[{"embeddable":true,"href":"http:\/\/metah.imag.fr\/index.php?rest_route=\/wp\/v2\/users\/2"}],"replies":[{"embeddable":true,"href":"http:\/\/metah.imag.fr\/index.php?rest_route=%2Fwp%2Fv2%2Fcomments&post=78"}],"version-history":[{"count":3,"href":"http:\/\/metah.imag.fr\/index.php?rest_route=\/wp\/v2\/pages\/78\/revisions"}],"predecessor-version":[{"id":347,"href":"http:\/\/metah.imag.fr\/index.php?rest_route=\/wp\/v2\/pages\/78\/revisions\/347"}],"up":[{"embeddable":true,"href":"http:\/\/metah.imag.fr\/index.php?rest_route=\/wp\/v2\/pages\/25"}],"wp:attachment":[{"href":"http:\/\/metah.imag.fr\/index.php?rest_route=%2Fwp%2Fv2%2Fmedia&parent=78"}],"curies":[{"name":"wp","href":"https:\/\/api.w.org\/{rel}","templated":true}]}}