{"id":81,"date":"2014-10-21T21:12:01","date_gmt":"2014-10-21T20:12:01","guid":{"rendered":"http:\/\/metah.imag.fr\/?page_id=80"},"modified":"2014-11-26T17:35:25","modified_gmt":"2014-11-26T16:35:25","slug":"mira_loe","status":"publish","type":"page","link":"http:\/\/metah.imag.fr\/?page_id=81","title":{"rendered":"MIRA_LOE"},"content":{"rendered":"<p><!--:fr--><\/p>\n<div class=\"informations\">\n<div class=\"entete\"><span class=\"name\"><strong>MIRA_LOE : Un dispositif de formation des professionnels de la sant\u00e9 incluant une simulation informatique d\u2019une situation d\u2019essai th\u00e9rapeutique<\/strong><br \/>\n<\/span><\/div>\n<dl>\n<dd><\/dd>\n<dd><span class=\"titre\">Responsable du projet : <\/span>Hamid Chaachoua<\/dd>\n<dd><span class=\"titre\">Date de d\u00e9but : <\/span>octobre 2011<\/dd>\n<dd><span class=\"titre\">Date de fin : <\/span>octobre 2012<\/dd>\n<dd><span class=\"titre\">Membres du projet UJF :<\/span>BESSOT Annie, BIREBENT Alain, BOSSON Jean-Luc, CHAACHOUA Hamid, NEY Muriel<\/p>\n<p>Les membres de l\u2019universit\u00e9 de P\u00e9dagogie de Viet N\u00e2m : LE THI Hoai Chau, DAO Hong Nam, LE THAI BAO Thien Trung, TRAN Dinh Thanh, VU NHU Thu Huong<\/p>\n<\/dd>\n<\/dl>\n<\/div>\n<div class=\"description\">\n<p>Il s&#8217;agit d&#8217;un projet de formation et de recherche.<\/p>\n<ul>\n<li>Formation des professionnels de la sant\u00e9 \u00e0 la statistique au niveau L2, \u00e0 Grenoble et \u00e0 Ho Chi Minh Ville.<\/li>\n<li>Recherche en didactique de la statistique. Cette recherche s\u2019appuiera sur une analyse comparative institutionnelle (incluant l\u2019identification des savoirs sp\u00e9cifiques \u00e0 la pratique statistique des professionnels de la sant\u00e9 et de leurs organisations dans l\u2019enseignement au niveau L2, et une caract\u00e9risation des difficult\u00e9s d\u2019apprentissage et d\u2019enseignement en statistique pour les professionnels de la sant\u00e9). Elle d\u00e9bouchera sur la conception et la mise en oeuvre d\u2019un dispositif informatique de jeu s\u00e9rieux permettant de simuler une situation d\u2019essai th\u00e9rapeutique. Ce projet permet de d\u00e9marrer une nouvelle coop\u00e9ration entre l\u2019Universit\u00e9 Joseph Fourier de Grenoble, l\u2019Universit\u00e9 de M\u00e9decine et Pharmacie d\u2019Ho Chi Minh Ville et l\u2019Universit\u00e9 de P\u00e9dagogie du Vi\u00eat Nam \u00e0 Ho Chi Minh Ville.<\/li>\n<\/ul>\n<\/div>\n<p><!--:--><!--:en--><\/p>\n<div class=\"informations\">\n<div class=\"entete\"><span class=\"name\">&#8211; Un dispositif de formation des professionnels de la sant\u00e9 incluant une simulation informatique d\u2019une situation d\u2019essai th\u00e9rapeutique. &#8211;<\/span><\/div>\n<dl>\n<dd><span class=\"titre\">Acronyme : <\/span>MIRA_LOE<\/dd>\n<dd><span class=\"titre\">Responsable du projet : <\/span>Hamid Chaachoua<\/dd>\n<dd><span class=\"titre\">Date de d\u00e9but : <\/span>octobre 2011<\/dd>\n<dd><span class=\"titre\">Date de fin : <\/span>octobre 2012<\/dd>\n<dd><span class=\"titre\">Membres du projet :<\/span><\/p>\n<blockquote class=\"spip\"><p><strong>Les membres de l\u2019UJF\u00a0:<\/strong><\/p>\n<ul class=\"spip\">\n<li>BESSOT Annie<\/li>\n<li>BIREBENT Alain<\/li>\n<li>BOSSON Jean-Luc<\/li>\n<li>CHAACHOUA Hamid<\/li>\n<li>NEY Muriel<\/li>\n<\/ul>\n<p><strong>Les membres de l\u2019universit\u00e9 de P\u00e9dagogie de Viet N\u00e2m<\/strong><\/p>\n<ul class=\"spip\">\n<li>LE THI Hoai Chau<\/li>\n<li>DAO Hong Nam<\/li>\n<li>LE THAI BAO Thien Trung<\/li>\n<li>TRAN Dinh Thanh<\/li>\n<li>VU NHU Thu Huong<\/li>\n<\/ul>\n<\/blockquote>\n<p><strong>Contact\u00a0:<\/strong> Hamid.Chaachoua<span class=\"cryptOK\">@<\/span>imag.fr<\/p>\n<\/dd>\n<\/dl>\n<\/div>\n<div class=\"description\">\n<dl>\n<dt>Description du Projet :<\/dt>\n<dd>Projet de formation et de recherche.<br \/>\n<img loading=\"lazy\" decoding=\"async\" class=\"puce\" src=\"https:\/\/metah.imag.fr\/squelettes-dist\/puce.gif\" alt=\"-\" width=\"8\" height=\"11\" \/>\u00a0Formation des professionnels de la sant\u00e9 \u00e0 la statistique au niveau L2, \u00e0 Grenoble et \u00e0 Ho Chi Minh Ville.<br \/>\n<img loading=\"lazy\" decoding=\"async\" class=\"puce\" src=\"https:\/\/metah.imag.fr\/squelettes-dist\/puce.gif\" alt=\"-\" width=\"8\" height=\"11\" \/>\u00a0Recherche en didactique de la statistique. Cette recherche s\u2019appuiera sur une analyse comparative institutionnelle (incluant l\u2019identification des savoirs sp\u00e9cifiques \u00e0 la pratique statistique des professionnels de la sant\u00e9 et de leurs organisations dans l\u2019enseignement au niveau L2, et une caract\u00e9risation des difficult\u00e9s d\u2019apprentissage et d\u2019enseignement en statistique pour les professionnels de la sant\u00e9). Elle d\u00e9bouchera sur la conception et la mise en oeuvre d\u2019un dispositif informatique de jeu s\u00e9rieux permettant de simuler une situation d\u2019essai th\u00e9rapeutique. Ce projet permet de d\u00e9marrer une nouvelle coop\u00e9ration entre l\u2019Universit\u00e9 Joseph Fourier de Grenoble, l\u2019Universit\u00e9 de M\u00e9decine et Pharmacie d\u2019Ho Chi Minh Ville et l\u2019Universit\u00e9 de P\u00e9dagogie du Vi\u00eat Nam \u00e0 Ho Chi Minh Ville.<\/dd>\n<\/dl>\n<\/div>\n<p><!--:--><\/p>\n","protected":false},"excerpt":{"rendered":"<p>MIRA_LOE : Un dispositif de formation des professionnels de la sant\u00e9 incluant une simulation informatique d\u2019une situation d\u2019essai th\u00e9rapeutique Responsable du projet : Hamid Chaachoua Date de d\u00e9but : octobre 2011 Date de fin : octobre 2012 Membres du projet UJF :BESSOT Annie, BIREBENT Alain, BOSSON Jean-Luc, CHAACHOUA Hamid, NEY Muriel Les membres de l\u2019universit\u00e9 [&hellip;]<\/p>\n","protected":false},"author":2,"featured_media":0,"parent":25,"menu_order":0,"comment_status":"closed","ping_status":"open","template":"","meta":{"footnotes":""},"class_list":["post-81","page","type-page","status-publish","hentry"],"_links":{"self":[{"href":"http:\/\/metah.imag.fr\/index.php?rest_route=\/wp\/v2\/pages\/81","targetHints":{"allow":["GET"]}}],"collection":[{"href":"http:\/\/metah.imag.fr\/index.php?rest_route=\/wp\/v2\/pages"}],"about":[{"href":"http:\/\/metah.imag.fr\/index.php?rest_route=\/wp\/v2\/types\/page"}],"author":[{"embeddable":true,"href":"http:\/\/metah.imag.fr\/index.php?rest_route=\/wp\/v2\/users\/2"}],"replies":[{"embeddable":true,"href":"http:\/\/metah.imag.fr\/index.php?rest_route=%2Fwp%2Fv2%2Fcomments&post=81"}],"version-history":[{"count":2,"href":"http:\/\/metah.imag.fr\/index.php?rest_route=\/wp\/v2\/pages\/81\/revisions"}],"predecessor-version":[{"id":223,"href":"http:\/\/metah.imag.fr\/index.php?rest_route=\/wp\/v2\/pages\/81\/revisions\/223"}],"up":[{"embeddable":true,"href":"http:\/\/metah.imag.fr\/index.php?rest_route=\/wp\/v2\/pages\/25"}],"wp:attachment":[{"href":"http:\/\/metah.imag.fr\/index.php?rest_route=%2Fwp%2Fv2%2Fmedia&parent=81"}],"curies":[{"name":"wp","href":"https:\/\/api.w.org\/{rel}","templated":true}]}}