{"id":83,"date":"2014-10-21T21:12:39","date_gmt":"2014-10-21T20:12:39","guid":{"rendered":"http:\/\/metah.imag.fr\/?page_id=82"},"modified":"2014-11-26T17:47:00","modified_gmt":"2014-11-26T16:47:00","slug":"learning-game-factor","status":"publish","type":"page","link":"http:\/\/metah.imag.fr\/?page_id=83","title":{"rendered":"Learning Game Factory"},"content":{"rendered":"<p><!--:fr--><\/p>\n<div class=\"informations\">\n<div class=\"entete\"><img decoding=\"async\" src=\"http:\/\/www.learning-games-factory.com\/system\/template_files\/images\/logo_lgf.jpg\" alt=\"\" height=\"20px\" \/><\/div>\n<div class=\"entete\"><span class=\"name\">FEDER Rh\u00f4ne Alpes<br \/>\n<\/span><\/div>\n<dl>\n<dd><\/dd>\n<dd><span class=\"titre\">Responsable du projet : <\/span>Jean-Philippe Pernin<\/dd>\n<dd><span class=\"titre\">Date de d\u00e9but : <\/span>f\u00e9vrier 2009<\/dd>\n<dd><span class=\"titre\">Date de fin : <\/span>avril 2011<\/dd>\n<dd><span class=\"titre\">Site : <\/span><a href=\"http:\/\/www.learning-games-factory.com\/\">http:\/\/www.learning-games-factory.com\/<\/a><\/dd>\n<dd><span class=\"titre\">Membres du projet :<\/span>\u00a0Florence Michau, Christelle Mariais, Jos\u00e9 Luis Aguirre, Pierre-Benoit Anastique,\u00a0 Yassine Farhi,\u00a0 Benoit S\u00e9guret<\/dd>\n<\/dl>\n<\/div>\n<div class=\"description\">\n<dl>\n<dt><\/dt>\n<dd>Le projet LGF est soutenu par\u00a0: <img decoding=\"async\" src=\"http:\/\/www.learning-games-factory.com\/system\/template_files\/images\/logo-feder-rohne-alpes.jpg\" alt=\"\" \/> <img decoding=\"async\" src=\"http:\/\/www.learning-games-factory.com\/system\/template_files\/images\/logo-ville-de-grenoble.jpg\" alt=\"Ville de Grenoble\" \/><\/p>\n<p>Le projet LGF vise \u00e0 explorer de nouvelles pistes pour am\u00e9liorer l\u2019efficacit\u00e9 et la diversit\u00e9 des dispositifs de formation professionnelle utilisant le jeu comme ressort de motivation.Ce projet est fond\u00e9 sur un partenariat de cinq entreprises et de quatre laboratoires et vise \u00e0 croiser leurs apports et expertises. Il comprend six volets couvrant les diff\u00e9rentes \u00e9tapes de production d\u2019un dispositif de formation utilisant le jeu.<\/p>\n<p>Il s\u2019agit notamment de proposer un ensemble d\u2019outils auteurs afin d\u2019aider les concepteurs \u00e0 produire des \u00ab\u00a0composants de jeu\u00a0\u00bb \u00e0 partir de gabarits r\u00e9utilisables et adaptables et les f\u00e9d\u00e9rer au sein de \u00ab\u00a0sc\u00e9narios d\u2019orchestration\u00a0\u00bb. L\u2019objectif est d\u2019assurer, pour les dispositifs construits, la meilleure int\u00e9gration des composants en prenant en compte un ensemble d\u2019objectifs\u00a0: meilleure appropriation des connaissances m\u00e9tier, augmentation de la motivation des apprenants, prise en compte de contraintes organisationnelles, strat\u00e9giques et techniques dans l\u2019entreprise ou encore caract\u00e9ristiques des publics cibl\u00e9s. Deux niveaux d\u2019outils auteurs seront donc propos\u00e9s\u00a0: des outils de param\u00e9trage de composants et des outils d\u2019aide \u00e0 la conception et production de sc\u00e9narios d\u2019orchestration.<\/p>\n<p>La contribution du LIG se situe plus pr\u00e9cis\u00e9ment dans ce dernier volet.<\/p>\n<p><img decoding=\"async\" src=\"http:\/\/dev.learning-games-factory.com\/images\/uploads\/composant-lgf.jpg\" alt=\"\" width=\"150px\" \/><\/p>\n<p><b>Publications<\/b><\/p>\n<p>Jos\u00e9 Luis Aguirre-Cervantes and Jean-Philippe Pernin. 2011. A scenario editing environment for professional online training systems. In Proceedings of the 2011 international conference on Computational science and its applications &#8211; Volume Part IV (ICCSA\u201911), Vol. Part IV. Springer-Verlag, Berlin, Heidelberg, 502-517.<\/p>\n<p><b><a href=\"http:\/\/www.springerlink.com\/content\/w7h414267653q057\/\">Voir l\u2019article<\/a><\/b><\/p>\n<\/dd>\n<\/dl>\n<\/div>\n<p><!--:--><!--:en--><\/p>\n<div class=\"informations\">\n<div class=\"entete\"><span class=\"name\">&#8211; Learning Game Factory &#8211; FEDER Rh\u00f4ne Alpes &#8211;<\/span><\/div>\n<dl>\n<dd><span class=\"titre\">Acronyme : <\/span><img decoding=\"async\" src=\"http:\/\/www.learning-games-factory.com\/system\/template_files\/images\/logo_lgf.jpg\" alt=\"\" height=\"20px\" \/> Learning Game Factory<\/dd>\n<dd><span class=\"titre\">Responsable du projet : <\/span>Jean-Philippe Pernin<\/dd>\n<dd><span class=\"titre\">Date de d\u00e9but : <\/span>f\u00e9vrier 2009<\/dd>\n<dd><span class=\"titre\">Date de fin : <\/span>avril 2011<\/dd>\n<dd><span class=\"titre\">Site : <\/span><a href=\"http:\/\/www.learning-games-factory.com\/\">http:\/\/www.learning-games-factory.com\/<\/a><\/dd>\n<dd><span class=\"titre\">Membres du projet :<\/span><img loading=\"lazy\" decoding=\"async\" class=\"puce\" src=\"https:\/\/metah.imag.fr\/squelettes-dist\/puce.gif\" alt=\"-\" width=\"8\" height=\"11\" \/>\u00a0Florence Michau<br \/>\n<img loading=\"lazy\" decoding=\"async\" class=\"puce\" src=\"https:\/\/metah.imag.fr\/squelettes-dist\/puce.gif\" alt=\"-\" width=\"8\" height=\"11\" \/>\u00a0Christelle Mariais<img loading=\"lazy\" decoding=\"async\" class=\"puce\" src=\"https:\/\/metah.imag.fr\/squelettes-dist\/puce.gif\" alt=\"-\" width=\"8\" height=\"11\" \/>\u00a0Jos\u00e9 Luis Aguirre<br \/>\n<img loading=\"lazy\" decoding=\"async\" class=\"puce\" src=\"https:\/\/metah.imag.fr\/squelettes-dist\/puce.gif\" alt=\"-\" width=\"8\" height=\"11\" \/>\u00a0Pierre-Benoit Anastique<br \/>\n<img loading=\"lazy\" decoding=\"async\" class=\"puce\" src=\"https:\/\/metah.imag.fr\/squelettes-dist\/puce.gif\" alt=\"-\" width=\"8\" height=\"11\" \/>\u00a0Yassine Farhi<br \/>\n<img loading=\"lazy\" decoding=\"async\" class=\"puce\" src=\"https:\/\/metah.imag.fr\/squelettes-dist\/puce.gif\" alt=\"-\" width=\"8\" height=\"11\" \/>\u00a0Benoit S\u00e9guret<\/dd>\n<\/dl>\n<\/div>\n<div class=\"description\">\n<dl>\n<dt>Description du Projet :<\/dt>\n<dd>Le projet LGF est soutenu par\u00a0: <img decoding=\"async\" src=\"http:\/\/www.learning-games-factory.com\/system\/template_files\/images\/logo-feder-rohne-alpes.jpg\" alt=\"\" \/> <img decoding=\"async\" src=\"http:\/\/www.learning-games-factory.com\/system\/template_files\/images\/logo-ville-de-grenoble.jpg\" alt=\"Ville de Grenoble\" \/>Le projet LGF vise \u00e0 explorer de nouvelles pistes pour am\u00e9liorer l\u2019efficacit\u00e9 et la diversit\u00e9 des dispositifs de formation professionnelle utilisant le jeu comme ressort de motivation.Ce projet est fond\u00e9 sur un partenariat de cinq entreprises et de quatre laboratoires et vise \u00e0 croiser leurs apports et expertises. Il comprend six volets couvrant les diff\u00e9rentes \u00e9tapes de production d\u2019un dispositif de formation utilisant le jeu.<\/p>\n<p>Il s\u2019agit notamment de proposer un ensemble d\u2019outils auteurs afin d\u2019aider les concepteurs \u00e0 produire des \u00ab\u00a0composants de jeu\u00a0\u00bb \u00e0 partir de gabarits r\u00e9utilisables et adaptables et les f\u00e9d\u00e9rer au sein de \u00ab\u00a0sc\u00e9narios d\u2019orchestration\u00a0\u00bb. L\u2019objectif est d\u2019assurer, pour les dispositifs construits, la meilleure int\u00e9gration des composants en prenant en compte un ensemble d\u2019objectifs\u00a0: meilleure appropriation des connaissances m\u00e9tier, augmentation de la motivation des apprenants, prise en compte de contraintes organisationnelles, strat\u00e9giques et techniques dans l\u2019entreprise ou encore caract\u00e9ristiques des publics cibl\u00e9s. Deux niveaux d\u2019outils auteurs seront donc propos\u00e9s\u00a0: des outils de param\u00e9trage de composants et des outils d\u2019aide \u00e0 la conception et production de sc\u00e9narios d\u2019orchestration.<\/p>\n<p>La contribution du LIG se situe plus pr\u00e9cis\u00e9ment dans ce dernier volet.<\/p>\n<p><img decoding=\"async\" src=\"http:\/\/dev.learning-games-factory.com\/images\/uploads\/composant-lgf.jpg\" alt=\"\" width=\"150px\" \/><\/p>\n<p><b>Publications<\/b><\/p>\n<p>Jos\u00e9 Luis Aguirre-Cervantes and Jean-Philippe Pernin. 2011. A scenario editing environment for professional online training systems. In Proceedings of the 2011 international conference on Computational science and its applications &#8211; Volume Part IV (ICCSA\u201911), Vol. Part IV. Springer-Verlag, Berlin, Heidelberg, 502-517.<\/p>\n<p><b><a href=\"http:\/\/www.springerlink.com\/content\/w7h414267653q057\/\">Voir l\u2019article<\/a><\/b><\/p>\n<\/dd>\n<\/dl>\n<\/div>\n<p><!--:--><\/p>\n","protected":false},"excerpt":{"rendered":"<p>FEDER Rh\u00f4ne Alpes Responsable du projet : Jean-Philippe Pernin Date de d\u00e9but : f\u00e9vrier 2009 Date de fin : avril 2011 Site : http:\/\/www.learning-games-factory.com\/ Membres du projet :\u00a0Florence Michau, Christelle Mariais, Jos\u00e9 Luis Aguirre, Pierre-Benoit Anastique,\u00a0 Yassine Farhi,\u00a0 Benoit S\u00e9guret Le projet LGF est soutenu par\u00a0: Le projet LGF vise \u00e0 explorer de nouvelles pistes [&hellip;]<\/p>\n","protected":false},"author":2,"featured_media":0,"parent":25,"menu_order":0,"comment_status":"closed","ping_status":"open","template":"","meta":{"footnotes":""},"class_list":["post-83","page","type-page","status-publish","hentry"],"_links":{"self":[{"href":"http:\/\/metah.imag.fr\/index.php?rest_route=\/wp\/v2\/pages\/83","targetHints":{"allow":["GET"]}}],"collection":[{"href":"http:\/\/metah.imag.fr\/index.php?rest_route=\/wp\/v2\/pages"}],"about":[{"href":"http:\/\/metah.imag.fr\/index.php?rest_route=\/wp\/v2\/types\/page"}],"author":[{"embeddable":true,"href":"http:\/\/metah.imag.fr\/index.php?rest_route=\/wp\/v2\/users\/2"}],"replies":[{"embeddable":true,"href":"http:\/\/metah.imag.fr\/index.php?rest_route=%2Fwp%2Fv2%2Fcomments&post=83"}],"version-history":[{"count":4,"href":"http:\/\/metah.imag.fr\/index.php?rest_route=\/wp\/v2\/pages\/83\/revisions"}],"predecessor-version":[{"id":229,"href":"http:\/\/metah.imag.fr\/index.php?rest_route=\/wp\/v2\/pages\/83\/revisions\/229"}],"up":[{"embeddable":true,"href":"http:\/\/metah.imag.fr\/index.php?rest_route=\/wp\/v2\/pages\/25"}],"wp:attachment":[{"href":"http:\/\/metah.imag.fr\/index.php?rest_route=%2Fwp%2Fv2%2Fmedia&parent=83"}],"curies":[{"name":"wp","href":"https:\/\/api.w.org\/{rel}","templated":true}]}}